{"id":4909,"date":"2020-10-26T13:54:42","date_gmt":"2020-10-26T13:54:42","guid":{"rendered":"https:\/\/www.wpto.net\/our-team\/aslihan-isenc"},"modified":"2025-03-15T13:41:12","modified_gmt":"2025-03-15T10:41:12","slug":"aslihan-isenc","status":"publish","type":"page","link":"https:\/\/kulat.av.tr\/en\/our-team\/aslihan-isenc\/","title":{"rendered":"Asl\u0131han \u0130sen\u00e7"},"content":{"rendered":"<div class=\"fusion-fullwidth fullwidth-box fusion-builder-row-1 fusion-flex-container nonhundred-percent-fullwidth non-hundred-percent-height-scrolling\" style=\"--awb-border-radius-top-left:0px;--awb-border-radius-top-right:0px;--awb-border-radius-bottom-right:0px;--awb-border-radius-bottom-left:0px;--awb-flex-wrap:wrap;\" ><div class=\"fusion-builder-row fusion-row fusion-flex-align-items-flex-start fusion-flex-content-wrap\" style=\"max-width:1248px;margin-left: calc(-4% \/ 2 );margin-right: calc(-4% \/ 2 );\"><div class=\"fusion-layout-column fusion_builder_column fusion-builder-column-0 fusion_builder_column_1_5 1_5 fusion-flex-column\" style=\"--awb-bg-size:cover;--awb-width-large:20%;--awb-margin-top-large:0px;--awb-spacing-right-large:3.84%;--awb-margin-bottom-large:0px;--awb-spacing-left-large:9.6%;--awb-width-medium:20%;--awb-spacing-right-medium:3.84%;--awb-spacing-left-medium:9.6%;--awb-width-small:100%;--awb-spacing-right-small:1.92%;--awb-spacing-left-small:1.92%;\"><div class=\"fusion-column-wrapper fusion-flex-justify-content-flex-start fusion-content-layout-column\"><div class=\"fusion-image-element \" style=\"text-align:center;--awb-liftup-border-radius:0px;--awb-caption-title-font-family:var(--h2_typography-font-family);--awb-caption-title-font-weight:var(--h2_typography-font-weight);--awb-caption-title-font-style:var(--h2_typography-font-style);--awb-caption-title-size:var(--h2_typography-font-size);--awb-caption-title-transform:var(--h2_typography-text-transform);--awb-caption-title-line-height:var(--h2_typography-line-height);--awb-caption-title-letter-spacing:var(--h2_typography-letter-spacing);\"><div class=\"awb-image-frame awb-image-frame-1 imageframe-liftup\"><span class=\" fusion-imageframe imageframe-dropshadow imageframe-1\" style=\"border:5px solid var(--awb-color3);-webkit-box-shadow: 10px 10px 14px var(--awb-color7);box-shadow: 10px 10px 14px var(--awb-color7);\"><a href=\"http:\/\/kulat.av.tr\/en\/wp-content\/uploads\/sites\/9\/2020\/10\/aslihan-isenc.jpg\" class=\"fusion-lightbox\" data-rel=\"iLightbox[6428a6a2f866063ada9]\" data-caption=\"Asl\u0131han \u0130sen\u00e7\" data-title=\"Asl\u0131han \u0130sen\u00e7\" title=\"Asl\u0131han \u0130sen\u00e7\"><img decoding=\"async\" width=\"360\" height=\"480\" alt=\"ASLIHAN \u0130SEN\u00c7\" src=\"http:\/\/kulat.av.tr\/en\/wp-content\/uploads\/sites\/9\/2020\/10\/aslihan-isenc.jpg\" class=\"img-responsive wp-image-4518\" srcset=\"https:\/\/kulat.av.tr\/en\/wp-content\/uploads\/sites\/9\/2020\/10\/aslihan-isenc-200x267.jpg 200w, https:\/\/kulat.av.tr\/en\/wp-content\/uploads\/sites\/9\/2020\/10\/aslihan-isenc.jpg 360w\" sizes=\"(max-width: 640px) 100vw, 360px\" \/><\/a><\/span><\/div><\/div><\/div><\/div><div class=\"fusion-layout-column fusion_builder_column fusion-builder-column-1 fusion_builder_column_4_5 4_5 fusion-flex-column\" style=\"--awb-bg-size:cover;--awb-width-large:80%;--awb-margin-top-large:0px;--awb-spacing-right-large:2.4%;--awb-margin-bottom-large:0px;--awb-spacing-left-large:3.84%;--awb-width-medium:80%;--awb-spacing-right-medium:2.4%;--awb-spacing-left-medium:3.84%;--awb-width-small:100%;--awb-spacing-right-small:1.92%;--awb-spacing-left-small:1.92%;\"><div class=\"fusion-column-wrapper fusion-flex-justify-content-flex-start fusion-content-layout-column\"><div class=\"fusion-title title fusion-title-1 fusion-sep-none fusion-title-text fusion-title-size-two\" style=\"--awb-font-size:32px;\"><h2 class=\"fusion-title-heading title-heading-left\" style=\"margin:0;font-size:1em;\">ASLIHAN \u0130SEN\u00c7<\/h2><\/div><div class=\"fusion-text fusion-text-1\"><p><strong><span style=\"color: #c8ac48;\">Executive Assistant<\/span><\/strong><\/p>\n<\/div><div class=\"fusion-text fusion-text-2\"><p>Asl\u0131han Isenc graduated from Bal\u0131kesir University Vocational High School. After she had worked at a private bank for 7 years, she joined Kulat Law Office in January of 2020. She is responsible for following up daily work plan, client relations, office organization and front desk duties.<\/p>\n<div class=\"info-description contact-info\">Email:\u00a0<a class=\"email\" href=\"mailto:aslihanisenc@kulat.av.tr\/en\">aslihanisenc@kulat.av.tr\/en<\/a><\/div>\n<\/div><\/div><\/div><div class=\"fusion-layout-column fusion_builder_column fusion-builder-column-2 fusion_builder_column_1_1 1_1 fusion-flex-column\" style=\"--awb-bg-size:cover;--awb-width-large:100%;--awb-margin-top-large:0px;--awb-spacing-right-large:1.92%;--awb-margin-bottom-large:0px;--awb-spacing-left-large:3.072%;--awb-width-medium:100%;--awb-spacing-right-medium:1.92%;--awb-spacing-left-medium:3.072%;--awb-width-small:100%;--awb-spacing-right-small:1.92%;--awb-spacing-left-small:1.92%;\"><div class=\"fusion-column-wrapper fusion-flex-justify-content-flex-start fusion-content-layout-column\"><div class=\"fusion-separator fusion-full-width-sep\" style=\"align-self: center;margin-left: auto;margin-right: auto;margin-top:10px;margin-bottom:10px;width:100%;\"><div class=\"fusion-separator-border sep-single sep-solid\" style=\"--awb-height:20px;--awb-amount:20px;--awb-sep-color:#c8ac48;border-color:#c8ac48;border-top-width:1px;\"><\/div><\/div><\/div><\/div><\/div><\/div>\n","protected":false},"excerpt":{"rendered":"","protected":false},"author":1,"featured_media":0,"parent":4863,"menu_order":0,"comment_status":"closed","ping_status":"closed","template":"","meta":{"footnotes":""},"class_list":["post-4909","page","type-page","status-publish","hentry"],"yoast_head":"<!-- This site is optimized with the Yoast SEO Premium plugin v26.9 (Yoast SEO v27.5) - https:\/\/yoast.com\/product\/yoast-seo-premium-wordpress\/ -->\n<title>Asl\u0131han \u0130sen\u00e7 | Kulat Law Office<\/title>\n<meta name=\"description\" content=\"Asl\u0131han Isenc graduated from Bal\u0131kesir University Vocational High School. After she had worked at a private bank for 7 years, she joined Kulat Law Office in January of 2020. She is responsible for following up daily work plan, client relations, office organization and front desk duties.\" \/>\n<meta name=\"robots\" content=\"index, follow, max-snippet:-1, max-image-preview:large, max-video-preview:-1\" \/>\n<link rel=\"canonical\" href=\"https:\/\/kulat.av.tr\/en\/our-team\/aslihan-isenc\/\" \/>\n<meta property=\"og:locale\" content=\"en_US\" \/>\n<meta property=\"og:type\" content=\"article\" \/>\n<meta property=\"og:title\" content=\"Asl\u0131han \u0130sen\u00e7\" \/>\n<meta property=\"og:description\" content=\"Asl\u0131han Isenc graduated from Bal\u0131kesir University Vocational High School. After she had worked at a private bank for 7 years, she joined Kulat Law Office in January of 2020. She is responsible for following up daily work plan, client relations, office organization and front desk duties.\" \/>\n<meta property=\"og:url\" content=\"https:\/\/kulat.av.tr\/en\/our-team\/aslihan-isenc\/\" \/>\n<meta property=\"og:site_name\" content=\"Kulat Law Office\" \/>\n<meta property=\"article:modified_time\" content=\"2025-03-15T10:41:12+00:00\" \/>\n<meta property=\"og:image\" content=\"https:\/\/kulat.av.tr\/en\/wp-content\/uploads\/sites\/9\/2020\/10\/anasayfa.jpg\" \/>\n\t<meta property=\"og:image:width\" content=\"800\" \/>\n\t<meta property=\"og:image:height\" content=\"882\" \/>\n\t<meta property=\"og:image:type\" content=\"image\/jpeg\" \/>\n<meta name=\"twitter:card\" content=\"summary_large_image\" \/>\n<meta name=\"twitter:label1\" content=\"Est. reading time\" \/>\n\t<meta name=\"twitter:data1\" content=\"1 minute\" \/>\n<script type=\"application\/ld+json\" class=\"yoast-schema-graph\">{\"@context\":\"https:\\\/\\\/schema.org\",\"@graph\":[{\"@type\":\"WebPage\",\"@id\":\"https:\\\/\\\/kulat.av.tr\\\/en\\\/our-team\\\/aslihan-isenc\\\/\",\"url\":\"https:\\\/\\\/kulat.av.tr\\\/en\\\/our-team\\\/aslihan-isenc\\\/\",\"name\":\"Asl\u0131han \u0130sen\u00e7 | Kulat Law Office\",\"isPartOf\":{\"@id\":\"https:\\\/\\\/kulat.av.tr\\\/en\\\/#website\"},\"datePublished\":\"2020-10-26T13:54:42+00:00\",\"dateModified\":\"2025-03-15T10:41:12+00:00\",\"description\":\"Asl\u0131han Isenc graduated from Bal\u0131kesir University Vocational High School. After she had worked at a private bank for 7 years, she joined Kulat Law Office in January of 2020. She is responsible for following up daily work plan, client relations, office organization and front desk duties.\",\"breadcrumb\":{\"@id\":\"https:\\\/\\\/kulat.av.tr\\\/en\\\/our-team\\\/aslihan-isenc\\\/#breadcrumb\"},\"inLanguage\":\"en-US\",\"potentialAction\":[{\"@type\":\"ReadAction\",\"target\":[\"https:\\\/\\\/kulat.av.tr\\\/en\\\/our-team\\\/aslihan-isenc\\\/\"]}]},{\"@type\":\"BreadcrumbList\",\"@id\":\"https:\\\/\\\/kulat.av.tr\\\/en\\\/our-team\\\/aslihan-isenc\\\/#breadcrumb\",\"itemListElement\":[{\"@type\":\"ListItem\",\"position\":1,\"name\":\"Anasayfa\",\"item\":\"https:\\\/\\\/kulat.av.tr\\\/en\\\/\"},{\"@type\":\"ListItem\",\"position\":2,\"name\":\"OUR TEAM\",\"item\":\"https:\\\/\\\/kulat.av.tr\\\/en\\\/our-team\\\/\"},{\"@type\":\"ListItem\",\"position\":3,\"name\":\"Asl\u0131han \u0130sen\u00e7\"}]},{\"@type\":\"WebSite\",\"@id\":\"https:\\\/\\\/kulat.av.tr\\\/en\\\/#website\",\"url\":\"https:\\\/\\\/kulat.av.tr\\\/en\\\/\",\"name\":\"Kulat Law Office\",\"description\":\"Our office; Legal ethics and lawyer care about a stance that suits the honor of profession. It is working with clients who demand this.\",\"publisher\":{\"@id\":\"https:\\\/\\\/kulat.av.tr\\\/en\\\/#organization\"},\"potentialAction\":[{\"@type\":\"SearchAction\",\"target\":{\"@type\":\"EntryPoint\",\"urlTemplate\":\"https:\\\/\\\/kulat.av.tr\\\/en\\\/?s={search_term_string}\"},\"query-input\":{\"@type\":\"PropertyValueSpecification\",\"valueRequired\":true,\"valueName\":\"search_term_string\"}}],\"inLanguage\":\"en-US\"},{\"@type\":\"Organization\",\"@id\":\"https:\\\/\\\/kulat.av.tr\\\/en\\\/#organization\",\"name\":\"Kulat Law Office\",\"url\":\"https:\\\/\\\/kulat.av.tr\\\/en\\\/\",\"logo\":{\"@type\":\"ImageObject\",\"inLanguage\":\"en-US\",\"@id\":\"https:\\\/\\\/kulat.av.tr\\\/en\\\/#\\\/schema\\\/logo\\\/image\\\/\",\"url\":\"https:\\\/\\\/kulat.av.tr\\\/en\\\/wp-content\\\/uploads\\\/sites\\\/9\\\/2020\\\/10\\\/kulat_logo.png\",\"contentUrl\":\"https:\\\/\\\/kulat.av.tr\\\/en\\\/wp-content\\\/uploads\\\/sites\\\/9\\\/2020\\\/10\\\/kulat_logo.png\",\"width\":172,\"height\":103,\"caption\":\"Kulat Law Office\"},\"image\":{\"@id\":\"https:\\\/\\\/kulat.av.tr\\\/en\\\/#\\\/schema\\\/logo\\\/image\\\/\"}}]}<\/script>\n<!-- \/ Yoast SEO Premium plugin. -->","yoast_head_json":{"title":"Asl\u0131han \u0130sen\u00e7 | Kulat Law Office","description":"Asl\u0131han Isenc graduated from Bal\u0131kesir University Vocational High School. After she had worked at a private bank for 7 years, she joined Kulat Law Office in January of 2020. She is responsible for following up daily work plan, client relations, office organization and front desk duties.","robots":{"index":"index","follow":"follow","max-snippet":"max-snippet:-1","max-image-preview":"max-image-preview:large","max-video-preview":"max-video-preview:-1"},"canonical":"https:\/\/kulat.av.tr\/en\/our-team\/aslihan-isenc\/","og_locale":"en_US","og_type":"article","og_title":"Asl\u0131han \u0130sen\u00e7","og_description":"Asl\u0131han Isenc graduated from Bal\u0131kesir University Vocational High School. After she had worked at a private bank for 7 years, she joined Kulat Law Office in January of 2020. She is responsible for following up daily work plan, client relations, office organization and front desk duties.","og_url":"https:\/\/kulat.av.tr\/en\/our-team\/aslihan-isenc\/","og_site_name":"Kulat Law Office","article_modified_time":"2025-03-15T10:41:12+00:00","og_image":[{"width":800,"height":882,"url":"https:\/\/kulat.av.tr\/en\/wp-content\/uploads\/sites\/9\/2020\/10\/anasayfa.jpg","type":"image\/jpeg"}],"twitter_card":"summary_large_image","twitter_misc":{"Est. reading time":"1 minute"},"schema":{"@context":"https:\/\/schema.org","@graph":[{"@type":"WebPage","@id":"https:\/\/kulat.av.tr\/en\/our-team\/aslihan-isenc\/","url":"https:\/\/kulat.av.tr\/en\/our-team\/aslihan-isenc\/","name":"Asl\u0131han \u0130sen\u00e7 | Kulat Law Office","isPartOf":{"@id":"https:\/\/kulat.av.tr\/en\/#website"},"datePublished":"2020-10-26T13:54:42+00:00","dateModified":"2025-03-15T10:41:12+00:00","description":"Asl\u0131han Isenc graduated from Bal\u0131kesir University Vocational High School. After she had worked at a private bank for 7 years, she joined Kulat Law Office in January of 2020. She is responsible for following up daily work plan, client relations, office organization and front desk duties.","breadcrumb":{"@id":"https:\/\/kulat.av.tr\/en\/our-team\/aslihan-isenc\/#breadcrumb"},"inLanguage":"en-US","potentialAction":[{"@type":"ReadAction","target":["https:\/\/kulat.av.tr\/en\/our-team\/aslihan-isenc\/"]}]},{"@type":"BreadcrumbList","@id":"https:\/\/kulat.av.tr\/en\/our-team\/aslihan-isenc\/#breadcrumb","itemListElement":[{"@type":"ListItem","position":1,"name":"Anasayfa","item":"https:\/\/kulat.av.tr\/en\/"},{"@type":"ListItem","position":2,"name":"OUR TEAM","item":"https:\/\/kulat.av.tr\/en\/our-team\/"},{"@type":"ListItem","position":3,"name":"Asl\u0131han \u0130sen\u00e7"}]},{"@type":"WebSite","@id":"https:\/\/kulat.av.tr\/en\/#website","url":"https:\/\/kulat.av.tr\/en\/","name":"Kulat Law Office","description":"Our office; Legal ethics and lawyer care about a stance that suits the honor of profession. It is working with clients who demand this.","publisher":{"@id":"https:\/\/kulat.av.tr\/en\/#organization"},"potentialAction":[{"@type":"SearchAction","target":{"@type":"EntryPoint","urlTemplate":"https:\/\/kulat.av.tr\/en\/?s={search_term_string}"},"query-input":{"@type":"PropertyValueSpecification","valueRequired":true,"valueName":"search_term_string"}}],"inLanguage":"en-US"},{"@type":"Organization","@id":"https:\/\/kulat.av.tr\/en\/#organization","name":"Kulat Law Office","url":"https:\/\/kulat.av.tr\/en\/","logo":{"@type":"ImageObject","inLanguage":"en-US","@id":"https:\/\/kulat.av.tr\/en\/#\/schema\/logo\/image\/","url":"https:\/\/kulat.av.tr\/en\/wp-content\/uploads\/sites\/9\/2020\/10\/kulat_logo.png","contentUrl":"https:\/\/kulat.av.tr\/en\/wp-content\/uploads\/sites\/9\/2020\/10\/kulat_logo.png","width":172,"height":103,"caption":"Kulat Law Office"},"image":{"@id":"https:\/\/kulat.av.tr\/en\/#\/schema\/logo\/image\/"}}]}},"amp_enabled":true,"_links":{"self":[{"href":"https:\/\/kulat.av.tr\/en\/wp-json\/wp\/v2\/pages\/4909","targetHints":{"allow":["GET"]}}],"collection":[{"href":"https:\/\/kulat.av.tr\/en\/wp-json\/wp\/v2\/pages"}],"about":[{"href":"https:\/\/kulat.av.tr\/en\/wp-json\/wp\/v2\/types\/page"}],"author":[{"embeddable":true,"href":"https:\/\/kulat.av.tr\/en\/wp-json\/wp\/v2\/users\/1"}],"replies":[{"embeddable":true,"href":"https:\/\/kulat.av.tr\/en\/wp-json\/wp\/v2\/comments?post=4909"}],"version-history":[{"count":6,"href":"https:\/\/kulat.av.tr\/en\/wp-json\/wp\/v2\/pages\/4909\/revisions"}],"predecessor-version":[{"id":5427,"href":"https:\/\/kulat.av.tr\/en\/wp-json\/wp\/v2\/pages\/4909\/revisions\/5427"}],"up":[{"embeddable":true,"href":"https:\/\/kulat.av.tr\/en\/wp-json\/wp\/v2\/pages\/4863"}],"wp:attachment":[{"href":"https:\/\/kulat.av.tr\/en\/wp-json\/wp\/v2\/media?parent=4909"}],"curies":[{"name":"wp","href":"https:\/\/api.w.org\/{rel}","templated":true}]}}