{"id":4903,"date":"2020-10-25T12:00:18","date_gmt":"2020-10-25T12:00:18","guid":{"rendered":"https:\/\/www.wpto.net\/our-expertise\/uluslararasi-ticari-sozlesmeler-ve-tahkim"},"modified":"2021-06-30T14:26:13","modified_gmt":"2021-06-30T14:26:13","slug":"international-trade-contracts-and-arbitration","status":"publish","type":"page","link":"https:\/\/kulat.av.tr\/en\/our-expertise\/international-trade-contracts-and-arbitration\/","title":{"rendered":"INTERNATIONAL TRADE CONTRACTS AND ARBITRATION"},"content":{"rendered":"<div class=\"fusion-fullwidth fullwidth-box fusion-builder-row-1 fusion-flex-container nonhundred-percent-fullwidth non-hundred-percent-height-scrolling\" style=\"--awb-border-radius-top-left:0px;--awb-border-radius-top-right:0px;--awb-border-radius-bottom-right:0px;--awb-border-radius-bottom-left:0px;--awb-flex-wrap:wrap;\" ><div class=\"fusion-builder-row fusion-row fusion-flex-align-items-flex-start fusion-flex-content-wrap\" style=\"max-width:1248px;margin-left: calc(-4% \/ 2 );margin-right: calc(-4% \/ 2 );\"><div class=\"fusion-layout-column fusion_builder_column fusion-builder-column-0 fusion_builder_column_1_1 1_1 fusion-flex-column\" style=\"--awb-bg-size:cover;--awb-width-large:100%;--awb-margin-top-large:0px;--awb-spacing-right-large:1.92%;--awb-margin-bottom-large:20px;--awb-spacing-left-large:1.92%;--awb-width-medium:100%;--awb-order-medium:0;--awb-spacing-right-medium:1.92%;--awb-spacing-left-medium:1.92%;--awb-width-small:100%;--awb-order-small:0;--awb-spacing-right-small:1.92%;--awb-spacing-left-small:1.92%;\"><div class=\"fusion-column-wrapper fusion-column-has-shadow fusion-flex-justify-content-flex-start fusion-content-layout-column\"><div class=\"fusion-title title fusion-title-1 fusion-sep-none fusion-title-center fusion-title-text fusion-title-size-one\" style=\"--awb-font-size:32px;\"><h1 class=\"fusion-title-heading title-heading-center\" style=\"margin:0;font-size:1em;\"><strong>INTERNATIONAL TRADE CONTRACTS AND ARBITRATION<\/strong><\/h1><\/div><\/div><\/div><div class=\"fusion-layout-column fusion_builder_column fusion-builder-column-1 fusion_builder_column_1_1 1_1 fusion-flex-column\" style=\"--awb-bg-size:cover;--awb-width-large:100%;--awb-margin-top-large:0px;--awb-spacing-right-large:1.92%;--awb-margin-bottom-large:20px;--awb-spacing-left-large:1.92%;--awb-width-medium:100%;--awb-order-medium:0;--awb-spacing-right-medium:1.92%;--awb-spacing-left-medium:1.92%;--awb-width-small:100%;--awb-order-small:0;--awb-spacing-right-small:1.92%;--awb-spacing-left-small:1.92%;\"><div class=\"fusion-column-wrapper fusion-column-has-shadow fusion-flex-justify-content-flex-start fusion-content-layout-column\"><div class=\"fusion-text fusion-text-1\"><p><img decoding=\"async\" class=\"alignright wp-image-4612\" src=\"https:\/\/kulat.av.tr\/en\/wp-content\/uploads\/sites\/9\/2020\/10\/uluslar-arasi-ticari-sozlesmeler-683x1024.jpg\" alt=\"Uluslararas\u0131 Ticari S\u00f6zle\u015fmeler ve Tahkim\" width=\"258\" height=\"387\" srcset=\"https:\/\/kulat.av.tr\/en\/wp-content\/uploads\/sites\/9\/2020\/10\/uluslar-arasi-ticari-sozlesmeler-200x300.jpg 200w, https:\/\/kulat.av.tr\/en\/wp-content\/uploads\/sites\/9\/2020\/10\/uluslar-arasi-ticari-sozlesmeler-400x600.jpg 400w, https:\/\/kulat.av.tr\/en\/wp-content\/uploads\/sites\/9\/2020\/10\/uluslar-arasi-ticari-sozlesmeler-600x900.jpg 600w, https:\/\/kulat.av.tr\/en\/wp-content\/uploads\/sites\/9\/2020\/10\/uluslar-arasi-ticari-sozlesmeler-683x1024.jpg 683w, https:\/\/kulat.av.tr\/en\/wp-content\/uploads\/sites\/9\/2020\/10\/uluslar-arasi-ticari-sozlesmeler-768x1152.jpg 768w, https:\/\/kulat.av.tr\/en\/wp-content\/uploads\/sites\/9\/2020\/10\/uluslar-arasi-ticari-sozlesmeler-800x1200.jpg 800w, https:\/\/kulat.av.tr\/en\/wp-content\/uploads\/sites\/9\/2020\/10\/uluslar-arasi-ticari-sozlesmeler-1024x1536.jpg 1024w, https:\/\/kulat.av.tr\/en\/wp-content\/uploads\/sites\/9\/2020\/10\/uluslar-arasi-ticari-sozlesmeler-1200x1800.jpg 1200w, https:\/\/kulat.av.tr\/en\/wp-content\/uploads\/sites\/9\/2020\/10\/uluslar-arasi-ticari-sozlesmeler-1365x2048.jpg 1365w, https:\/\/kulat.av.tr\/en\/wp-content\/uploads\/sites\/9\/2020\/10\/uluslar-arasi-ticari-sozlesmeler-scaled.jpg 1707w\" sizes=\"(max-width: 258px) 100vw, 258px\" \/>Majority of regulations prevailing and directing international trade is comprised of international conventions, directives of international trade organizations and sample arbitration rules determined by those. Therefore, Kulat Law Office Not only closely follows international regulations on trade but also presents full legal support and assistance with its expert lawyer team specializing at trade customs and practices, to its clients in all cross border transactions.<\/p>\n<p>Working as a team within the framework of international arbitration, we represent our clients both in ad hoc arbitration proceedings and before many other arbitration institutions, particularly ICSID, and in wide range of fields such as Intellectual Property, International Trade, Mergers and Acquisitions. This legal support might be in nature of research and legal counsel as in the investigation of the reputation and reliability of the parties to an international trade agreement, preparation and negotiation of commercial contracts within the framework of international law; not to mention such legal services as representing clients before courts and\/or arbitrators regarding litigation and arbitration processes respectively, to resolve any dispute arising from any commercial relation.<\/p>\n<p>Moreover, as regards any investment, share transfer-takeover, start-up, merger and acquisition planned to be carried out abroad, our team examines the legislation of the foreign country in question, in scope of trade and capital market law, start-up law, administrative and tax law and other relevant regulations of the country; makes analysis of the country\u2019s present political and economic conditions; subsequent to this inspection and analysis, gives legal opinion as to the planned investment; and provides all kinds of legal support required for the achievement of these business operations.<\/p>\n<p>Other legal services we provide to our clients are as follows:<\/p>\n<ul>\n<li>Examination of domestic and foreign legislation on import and export, informing the client in light of this examination as well as taking all necessary and reasonable actions for flawless operation of all transactions.<\/li>\n<li>Granting comprehensive legal assistance in such operations as incorporation and all commercial transactions to entrepreneurs and newly founded entities planning to carry on their activities on trade, international trade in particular.<\/li>\n<\/ul>\n<\/div><\/div><\/div><\/div><\/div>\n","protected":false},"excerpt":{"rendered":"","protected":false},"author":1,"featured_media":0,"parent":4790,"menu_order":0,"comment_status":"closed","ping_status":"closed","template":"","meta":{"footnotes":""},"class_list":["post-4903","page","type-page","status-publish","hentry"],"yoast_head":"<!-- This site is optimized with the Yoast SEO Premium plugin v26.9 (Yoast SEO v27.5) - https:\/\/yoast.com\/product\/yoast-seo-premium-wordpress\/ -->\n<title>INTERNATIONAL TRADE CONTRACTS AND ARBITRATION | Kulat Law Office<\/title>\n<meta name=\"robots\" content=\"index, follow, max-snippet:-1, max-image-preview:large, max-video-preview:-1\" \/>\n<link rel=\"canonical\" href=\"https:\/\/kulat.av.tr\/en\/our-expertise\/international-trade-contracts-and-arbitration\/\" \/>\n<meta property=\"og:locale\" content=\"en_US\" \/>\n<meta property=\"og:type\" content=\"article\" \/>\n<meta property=\"og:title\" content=\"INTERNATIONAL TRADE CONTRACTS AND ARBITRATION\" \/>\n<meta property=\"og:url\" content=\"https:\/\/kulat.av.tr\/en\/our-expertise\/international-trade-contracts-and-arbitration\/\" \/>\n<meta property=\"og:site_name\" content=\"Kulat Law Office\" \/>\n<meta property=\"article:modified_time\" content=\"2021-06-30T14:26:13+00:00\" \/>\n<meta property=\"og:image\" content=\"https:\/\/kulat.av.tr\/en\/wp-content\/uploads\/sites\/9\/2020\/10\/uluslar-arasi-ticari-sozlesmeler-683x1024.jpg\" \/>\n<meta name=\"twitter:card\" content=\"summary_large_image\" \/>\n<meta name=\"twitter:label1\" content=\"Est. reading time\" \/>\n\t<meta name=\"twitter:data1\" content=\"6 minutes\" \/>\n<script type=\"application\/ld+json\" class=\"yoast-schema-graph\">{\"@context\":\"https:\\\/\\\/schema.org\",\"@graph\":[{\"@type\":\"WebPage\",\"@id\":\"https:\\\/\\\/kulat.av.tr\\\/en\\\/our-expertise\\\/international-trade-contracts-and-arbitration\\\/\",\"url\":\"https:\\\/\\\/kulat.av.tr\\\/en\\\/our-expertise\\\/international-trade-contracts-and-arbitration\\\/\",\"name\":\"INTERNATIONAL TRADE CONTRACTS AND ARBITRATION | Kulat Law Office\",\"isPartOf\":{\"@id\":\"https:\\\/\\\/kulat.av.tr\\\/en\\\/#website\"},\"primaryImageOfPage\":{\"@id\":\"https:\\\/\\\/kulat.av.tr\\\/en\\\/our-expertise\\\/international-trade-contracts-and-arbitration\\\/#primaryimage\"},\"image\":{\"@id\":\"https:\\\/\\\/kulat.av.tr\\\/en\\\/our-expertise\\\/international-trade-contracts-and-arbitration\\\/#primaryimage\"},\"thumbnailUrl\":\"https:\\\/\\\/kulat.av.tr\\\/en\\\/wp-content\\\/uploads\\\/sites\\\/9\\\/2020\\\/10\\\/uluslar-arasi-ticari-sozlesmeler-683x1024.jpg\",\"datePublished\":\"2020-10-25T12:00:18+00:00\",\"dateModified\":\"2021-06-30T14:26:13+00:00\",\"breadcrumb\":{\"@id\":\"https:\\\/\\\/kulat.av.tr\\\/en\\\/our-expertise\\\/international-trade-contracts-and-arbitration\\\/#breadcrumb\"},\"inLanguage\":\"en-US\",\"potentialAction\":[{\"@type\":\"ReadAction\",\"target\":[\"https:\\\/\\\/kulat.av.tr\\\/en\\\/our-expertise\\\/international-trade-contracts-and-arbitration\\\/\"]}]},{\"@type\":\"ImageObject\",\"inLanguage\":\"en-US\",\"@id\":\"https:\\\/\\\/kulat.av.tr\\\/en\\\/our-expertise\\\/international-trade-contracts-and-arbitration\\\/#primaryimage\",\"url\":\"https:\\\/\\\/kulat.av.tr\\\/en\\\/wp-content\\\/uploads\\\/sites\\\/9\\\/2020\\\/10\\\/uluslar-arasi-ticari-sozlesmeler-683x1024.jpg\",\"contentUrl\":\"https:\\\/\\\/kulat.av.tr\\\/en\\\/wp-content\\\/uploads\\\/sites\\\/9\\\/2020\\\/10\\\/uluslar-arasi-ticari-sozlesmeler-683x1024.jpg\"},{\"@type\":\"BreadcrumbList\",\"@id\":\"https:\\\/\\\/kulat.av.tr\\\/en\\\/our-expertise\\\/international-trade-contracts-and-arbitration\\\/#breadcrumb\",\"itemListElement\":[{\"@type\":\"ListItem\",\"position\":1,\"name\":\"Anasayfa\",\"item\":\"https:\\\/\\\/kulat.av.tr\\\/en\\\/\"},{\"@type\":\"ListItem\",\"position\":2,\"name\":\"OUR EXPERTISE\",\"item\":\"https:\\\/\\\/kulat.av.tr\\\/en\\\/our-expertise\\\/\"},{\"@type\":\"ListItem\",\"position\":3,\"name\":\"INTERNATIONAL TRADE CONTRACTS AND ARBITRATION\"}]},{\"@type\":\"WebSite\",\"@id\":\"https:\\\/\\\/kulat.av.tr\\\/en\\\/#website\",\"url\":\"https:\\\/\\\/kulat.av.tr\\\/en\\\/\",\"name\":\"Kulat Law Office\",\"description\":\"Our office; Legal ethics and lawyer care about a stance that suits the honor of profession. It is working with clients who demand this.\",\"publisher\":{\"@id\":\"https:\\\/\\\/kulat.av.tr\\\/en\\\/#organization\"},\"potentialAction\":[{\"@type\":\"SearchAction\",\"target\":{\"@type\":\"EntryPoint\",\"urlTemplate\":\"https:\\\/\\\/kulat.av.tr\\\/en\\\/?s={search_term_string}\"},\"query-input\":{\"@type\":\"PropertyValueSpecification\",\"valueRequired\":true,\"valueName\":\"search_term_string\"}}],\"inLanguage\":\"en-US\"},{\"@type\":\"Organization\",\"@id\":\"https:\\\/\\\/kulat.av.tr\\\/en\\\/#organization\",\"name\":\"Kulat Law Office\",\"url\":\"https:\\\/\\\/kulat.av.tr\\\/en\\\/\",\"logo\":{\"@type\":\"ImageObject\",\"inLanguage\":\"en-US\",\"@id\":\"https:\\\/\\\/kulat.av.tr\\\/en\\\/#\\\/schema\\\/logo\\\/image\\\/\",\"url\":\"https:\\\/\\\/kulat.av.tr\\\/en\\\/wp-content\\\/uploads\\\/sites\\\/9\\\/2020\\\/10\\\/kulat_logo.png\",\"contentUrl\":\"https:\\\/\\\/kulat.av.tr\\\/en\\\/wp-content\\\/uploads\\\/sites\\\/9\\\/2020\\\/10\\\/kulat_logo.png\",\"width\":172,\"height\":103,\"caption\":\"Kulat Law Office\"},\"image\":{\"@id\":\"https:\\\/\\\/kulat.av.tr\\\/en\\\/#\\\/schema\\\/logo\\\/image\\\/\"}}]}<\/script>\n<!-- \/ Yoast SEO Premium plugin. -->","yoast_head_json":{"title":"INTERNATIONAL TRADE CONTRACTS AND ARBITRATION | Kulat Law Office","robots":{"index":"index","follow":"follow","max-snippet":"max-snippet:-1","max-image-preview":"max-image-preview:large","max-video-preview":"max-video-preview:-1"},"canonical":"https:\/\/kulat.av.tr\/en\/our-expertise\/international-trade-contracts-and-arbitration\/","og_locale":"en_US","og_type":"article","og_title":"INTERNATIONAL TRADE CONTRACTS AND ARBITRATION","og_url":"https:\/\/kulat.av.tr\/en\/our-expertise\/international-trade-contracts-and-arbitration\/","og_site_name":"Kulat Law Office","article_modified_time":"2021-06-30T14:26:13+00:00","og_image":[{"url":"https:\/\/kulat.av.tr\/en\/wp-content\/uploads\/sites\/9\/2020\/10\/uluslar-arasi-ticari-sozlesmeler-683x1024.jpg","type":"","width":"","height":""}],"twitter_card":"summary_large_image","twitter_misc":{"Est. reading time":"6 minutes"},"schema":{"@context":"https:\/\/schema.org","@graph":[{"@type":"WebPage","@id":"https:\/\/kulat.av.tr\/en\/our-expertise\/international-trade-contracts-and-arbitration\/","url":"https:\/\/kulat.av.tr\/en\/our-expertise\/international-trade-contracts-and-arbitration\/","name":"INTERNATIONAL TRADE CONTRACTS AND ARBITRATION | Kulat Law Office","isPartOf":{"@id":"https:\/\/kulat.av.tr\/en\/#website"},"primaryImageOfPage":{"@id":"https:\/\/kulat.av.tr\/en\/our-expertise\/international-trade-contracts-and-arbitration\/#primaryimage"},"image":{"@id":"https:\/\/kulat.av.tr\/en\/our-expertise\/international-trade-contracts-and-arbitration\/#primaryimage"},"thumbnailUrl":"https:\/\/kulat.av.tr\/en\/wp-content\/uploads\/sites\/9\/2020\/10\/uluslar-arasi-ticari-sozlesmeler-683x1024.jpg","datePublished":"2020-10-25T12:00:18+00:00","dateModified":"2021-06-30T14:26:13+00:00","breadcrumb":{"@id":"https:\/\/kulat.av.tr\/en\/our-expertise\/international-trade-contracts-and-arbitration\/#breadcrumb"},"inLanguage":"en-US","potentialAction":[{"@type":"ReadAction","target":["https:\/\/kulat.av.tr\/en\/our-expertise\/international-trade-contracts-and-arbitration\/"]}]},{"@type":"ImageObject","inLanguage":"en-US","@id":"https:\/\/kulat.av.tr\/en\/our-expertise\/international-trade-contracts-and-arbitration\/#primaryimage","url":"https:\/\/kulat.av.tr\/en\/wp-content\/uploads\/sites\/9\/2020\/10\/uluslar-arasi-ticari-sozlesmeler-683x1024.jpg","contentUrl":"https:\/\/kulat.av.tr\/en\/wp-content\/uploads\/sites\/9\/2020\/10\/uluslar-arasi-ticari-sozlesmeler-683x1024.jpg"},{"@type":"BreadcrumbList","@id":"https:\/\/kulat.av.tr\/en\/our-expertise\/international-trade-contracts-and-arbitration\/#breadcrumb","itemListElement":[{"@type":"ListItem","position":1,"name":"Anasayfa","item":"https:\/\/kulat.av.tr\/en\/"},{"@type":"ListItem","position":2,"name":"OUR EXPERTISE","item":"https:\/\/kulat.av.tr\/en\/our-expertise\/"},{"@type":"ListItem","position":3,"name":"INTERNATIONAL TRADE CONTRACTS AND ARBITRATION"}]},{"@type":"WebSite","@id":"https:\/\/kulat.av.tr\/en\/#website","url":"https:\/\/kulat.av.tr\/en\/","name":"Kulat Law Office","description":"Our office; Legal ethics and lawyer care about a stance that suits the honor of profession. It is working with clients who demand this.","publisher":{"@id":"https:\/\/kulat.av.tr\/en\/#organization"},"potentialAction":[{"@type":"SearchAction","target":{"@type":"EntryPoint","urlTemplate":"https:\/\/kulat.av.tr\/en\/?s={search_term_string}"},"query-input":{"@type":"PropertyValueSpecification","valueRequired":true,"valueName":"search_term_string"}}],"inLanguage":"en-US"},{"@type":"Organization","@id":"https:\/\/kulat.av.tr\/en\/#organization","name":"Kulat Law Office","url":"https:\/\/kulat.av.tr\/en\/","logo":{"@type":"ImageObject","inLanguage":"en-US","@id":"https:\/\/kulat.av.tr\/en\/#\/schema\/logo\/image\/","url":"https:\/\/kulat.av.tr\/en\/wp-content\/uploads\/sites\/9\/2020\/10\/kulat_logo.png","contentUrl":"https:\/\/kulat.av.tr\/en\/wp-content\/uploads\/sites\/9\/2020\/10\/kulat_logo.png","width":172,"height":103,"caption":"Kulat Law Office"},"image":{"@id":"https:\/\/kulat.av.tr\/en\/#\/schema\/logo\/image\/"}}]}},"amp_enabled":true,"_links":{"self":[{"href":"https:\/\/kulat.av.tr\/en\/wp-json\/wp\/v2\/pages\/4903","targetHints":{"allow":["GET"]}}],"collection":[{"href":"https:\/\/kulat.av.tr\/en\/wp-json\/wp\/v2\/pages"}],"about":[{"href":"https:\/\/kulat.av.tr\/en\/wp-json\/wp\/v2\/types\/page"}],"author":[{"embeddable":true,"href":"https:\/\/kulat.av.tr\/en\/wp-json\/wp\/v2\/users\/1"}],"replies":[{"embeddable":true,"href":"https:\/\/kulat.av.tr\/en\/wp-json\/wp\/v2\/comments?post=4903"}],"version-history":[{"count":3,"href":"https:\/\/kulat.av.tr\/en\/wp-json\/wp\/v2\/pages\/4903\/revisions"}],"predecessor-version":[{"id":5078,"href":"https:\/\/kulat.av.tr\/en\/wp-json\/wp\/v2\/pages\/4903\/revisions\/5078"}],"up":[{"embeddable":true,"href":"https:\/\/kulat.av.tr\/en\/wp-json\/wp\/v2\/pages\/4790"}],"wp:attachment":[{"href":"https:\/\/kulat.av.tr\/en\/wp-json\/wp\/v2\/media?parent=4903"}],"curies":[{"name":"wp","href":"https:\/\/api.w.org\/{rel}","templated":true}]}}