{"id":4889,"date":"2020-10-25T11:52:25","date_gmt":"2020-10-25T11:52:25","guid":{"rendered":"https:\/\/www.wpto.net\/our-expertise\/idare-vergi-hukuku-ve-ihale-mevzuati"},"modified":"2024-04-19T11:55:52","modified_gmt":"2024-04-19T11:55:52","slug":"corporate-governance-compliance","status":"publish","type":"page","link":"https:\/\/kulat.av.tr\/en\/our-expertise\/corporate-governance-compliance\/","title":{"rendered":"CORPORATE GOVERNANCE &#038; COMPLIANCE"},"content":{"rendered":"<div class=\"fusion-fullwidth fullwidth-box fusion-builder-row-1 fusion-flex-container nonhundred-percent-fullwidth non-hundred-percent-height-scrolling\" style=\"--awb-border-radius-top-left:0px;--awb-border-radius-top-right:0px;--awb-border-radius-bottom-right:0px;--awb-border-radius-bottom-left:0px;--awb-flex-wrap:wrap;\" ><div class=\"fusion-builder-row fusion-row fusion-flex-align-items-flex-start fusion-flex-content-wrap\" style=\"max-width:1248px;margin-left: calc(-4% \/ 2 );margin-right: calc(-4% \/ 2 );\"><div class=\"fusion-layout-column fusion_builder_column fusion-builder-column-0 fusion_builder_column_1_1 1_1 fusion-flex-column\" style=\"--awb-bg-size:cover;--awb-width-large:100%;--awb-margin-top-large:0px;--awb-spacing-right-large:1.92%;--awb-margin-bottom-large:20px;--awb-spacing-left-large:1.92%;--awb-width-medium:100%;--awb-order-medium:0;--awb-spacing-right-medium:1.92%;--awb-spacing-left-medium:1.92%;--awb-width-small:100%;--awb-order-small:0;--awb-spacing-right-small:1.92%;--awb-spacing-left-small:1.92%;\"><div class=\"fusion-column-wrapper fusion-column-has-shadow fusion-flex-justify-content-flex-start fusion-content-layout-column\"><div class=\"fusion-title title fusion-title-1 fusion-sep-none fusion-title-center fusion-title-text fusion-title-size-one\" style=\"--awb-font-size:32px;\"><h1 class=\"fusion-title-heading title-heading-center\" style=\"margin:0;font-size:1em;\"><strong>CORPORATE GOVERNANCE &#038; COMPLIANCE<\/strong><\/h1><\/div><\/div><\/div><div class=\"fusion-layout-column fusion_builder_column fusion-builder-column-1 fusion_builder_column_1_1 1_1 fusion-flex-column\" style=\"--awb-bg-size:cover;--awb-width-large:100%;--awb-margin-top-large:0px;--awb-spacing-right-large:1.92%;--awb-margin-bottom-large:20px;--awb-spacing-left-large:1.92%;--awb-width-medium:100%;--awb-order-medium:0;--awb-spacing-right-medium:1.92%;--awb-spacing-left-medium:1.92%;--awb-width-small:100%;--awb-order-small:0;--awb-spacing-right-small:1.92%;--awb-spacing-left-small:1.92%;\"><div class=\"fusion-column-wrapper fusion-column-has-shadow fusion-flex-justify-content-flex-start fusion-content-layout-column\"><div class=\"fusion-text fusion-text-1\"><p><img decoding=\"async\" class=\"alignright wp-image-4607\" src=\"https:\/\/kulat.av.tr\/en\/wp-content\/uploads\/sites\/9\/2020\/10\/idare-vergi-hukuku-1-scaled.jpg\" alt=\"\u0130dare, Vergi Hukuku ve \u0130hale Mevzuat\u0131\" width=\"259\" height=\"389\" srcset=\"https:\/\/kulat.av.tr\/en\/wp-content\/uploads\/sites\/9\/2020\/10\/idare-vergi-hukuku-1-scaled-200x300.jpg 200w, https:\/\/kulat.av.tr\/en\/wp-content\/uploads\/sites\/9\/2020\/10\/idare-vergi-hukuku-1-scaled-400x600.jpg 400w, https:\/\/kulat.av.tr\/en\/wp-content\/uploads\/sites\/9\/2020\/10\/idare-vergi-hukuku-1-scaled-600x900.jpg 600w, https:\/\/kulat.av.tr\/en\/wp-content\/uploads\/sites\/9\/2020\/10\/idare-vergi-hukuku-1-scaled-683x1024.jpg 683w, https:\/\/kulat.av.tr\/en\/wp-content\/uploads\/sites\/9\/2020\/10\/idare-vergi-hukuku-1-scaled-768x1152.jpg 768w, https:\/\/kulat.av.tr\/en\/wp-content\/uploads\/sites\/9\/2020\/10\/idare-vergi-hukuku-1-scaled-800x1200.jpg 800w, https:\/\/kulat.av.tr\/en\/wp-content\/uploads\/sites\/9\/2020\/10\/idare-vergi-hukuku-1-scaled-1024x1536.jpg 1024w, https:\/\/kulat.av.tr\/en\/wp-content\/uploads\/sites\/9\/2020\/10\/idare-vergi-hukuku-1-scaled-1200x1800.jpg 1200w, https:\/\/kulat.av.tr\/en\/wp-content\/uploads\/sites\/9\/2020\/10\/idare-vergi-hukuku-1-scaled-1366x2048.jpg 1366w, https:\/\/kulat.av.tr\/en\/wp-content\/uploads\/sites\/9\/2020\/10\/idare-vergi-hukuku-1-scaled.jpg 1707w\" sizes=\"(max-width: 259px) 100vw, 259px\" \/><\/p>\n<p>Compliance with legislation and changing regulations in order to prevent administrative fines that companies may face and to protect their reputations is very important in today&#8217;s world, where the business world is rapidly changing and transforming. In this context, Kulat Law Office checks to what extent companies operating in many different sectors such as financial institutions, health, retail and energy comply with the legislation they are subject to, analyses their current operations and corporate governance procedures, identifies risks and reports to senior management. Then, it draws the necessary roadmap to bring all the operations of the company into compliance with the legislation and organizes the necessary trainings for compliance with the legislation within the company.<\/p>\n<p>We assist our clients in creating compliance programs that meet their needs in various fields, including especially competition, protection of personal data, anti-corruption and labor laws and environmental regulations, compliance with commercial legislation and industry-specific regulations.&#8221;<\/p>\n<\/div><\/div><\/div><\/div><\/div>\n","protected":false},"excerpt":{"rendered":"","protected":false},"author":1,"featured_media":0,"parent":4790,"menu_order":0,"comment_status":"closed","ping_status":"closed","template":"","meta":{"footnotes":""},"class_list":["post-4889","page","type-page","status-publish","hentry"],"yoast_head":"<!-- This site is optimized with the Yoast SEO Premium plugin v26.9 (Yoast SEO v27.5) - https:\/\/yoast.com\/product\/yoast-seo-premium-wordpress\/ -->\n<title>CORPORATE GOVERNANCE &amp; COMPLIANCE | Kulat Law Office<\/title>\n<meta name=\"robots\" content=\"index, follow, max-snippet:-1, max-image-preview:large, max-video-preview:-1\" \/>\n<link rel=\"canonical\" href=\"https:\/\/kulat.av.tr\/en\/our-expertise\/corporate-governance-compliance\/\" \/>\n<meta property=\"og:locale\" content=\"en_US\" \/>\n<meta property=\"og:type\" content=\"article\" \/>\n<meta property=\"og:title\" content=\"CORPORATE GOVERNANCE &amp; COMPLIANCE\" \/>\n<meta property=\"og:url\" content=\"https:\/\/kulat.av.tr\/en\/our-expertise\/corporate-governance-compliance\/\" \/>\n<meta property=\"og:site_name\" content=\"Kulat Law Office\" \/>\n<meta property=\"article:modified_time\" content=\"2024-04-19T11:55:52+00:00\" \/>\n<meta property=\"og:image\" content=\"https:\/\/kulat.av.tr\/en\/wp-content\/uploads\/sites\/9\/2020\/10\/idare-vergi-hukuku-1-scaled.jpg\" \/>\n<meta name=\"twitter:card\" content=\"summary_large_image\" \/>\n<meta name=\"twitter:label1\" content=\"Est. reading time\" \/>\n\t<meta name=\"twitter:data1\" content=\"1 minute\" \/>\n<script type=\"application\/ld+json\" class=\"yoast-schema-graph\">{\"@context\":\"https:\\\/\\\/schema.org\",\"@graph\":[{\"@type\":\"WebPage\",\"@id\":\"https:\\\/\\\/kulat.av.tr\\\/en\\\/our-expertise\\\/corporate-governance-compliance\\\/\",\"url\":\"https:\\\/\\\/kulat.av.tr\\\/en\\\/our-expertise\\\/corporate-governance-compliance\\\/\",\"name\":\"CORPORATE GOVERNANCE & COMPLIANCE | Kulat Law Office\",\"isPartOf\":{\"@id\":\"https:\\\/\\\/kulat.av.tr\\\/en\\\/#website\"},\"primaryImageOfPage\":{\"@id\":\"https:\\\/\\\/kulat.av.tr\\\/en\\\/our-expertise\\\/corporate-governance-compliance\\\/#primaryimage\"},\"image\":{\"@id\":\"https:\\\/\\\/kulat.av.tr\\\/en\\\/our-expertise\\\/corporate-governance-compliance\\\/#primaryimage\"},\"thumbnailUrl\":\"https:\\\/\\\/kulat.av.tr\\\/en\\\/wp-content\\\/uploads\\\/sites\\\/9\\\/2020\\\/10\\\/idare-vergi-hukuku-1-scaled.jpg\",\"datePublished\":\"2020-10-25T11:52:25+00:00\",\"dateModified\":\"2024-04-19T11:55:52+00:00\",\"breadcrumb\":{\"@id\":\"https:\\\/\\\/kulat.av.tr\\\/en\\\/our-expertise\\\/corporate-governance-compliance\\\/#breadcrumb\"},\"inLanguage\":\"en-US\",\"potentialAction\":[{\"@type\":\"ReadAction\",\"target\":[\"https:\\\/\\\/kulat.av.tr\\\/en\\\/our-expertise\\\/corporate-governance-compliance\\\/\"]}]},{\"@type\":\"ImageObject\",\"inLanguage\":\"en-US\",\"@id\":\"https:\\\/\\\/kulat.av.tr\\\/en\\\/our-expertise\\\/corporate-governance-compliance\\\/#primaryimage\",\"url\":\"https:\\\/\\\/kulat.av.tr\\\/en\\\/wp-content\\\/uploads\\\/sites\\\/9\\\/2020\\\/10\\\/idare-vergi-hukuku-1-scaled.jpg\",\"contentUrl\":\"https:\\\/\\\/kulat.av.tr\\\/en\\\/wp-content\\\/uploads\\\/sites\\\/9\\\/2020\\\/10\\\/idare-vergi-hukuku-1-scaled.jpg\",\"width\":1707,\"height\":2560,\"caption\":\"\u0130dare, Vergi Hukuku ve \u0130hale Mevzuat\u0131\"},{\"@type\":\"BreadcrumbList\",\"@id\":\"https:\\\/\\\/kulat.av.tr\\\/en\\\/our-expertise\\\/corporate-governance-compliance\\\/#breadcrumb\",\"itemListElement\":[{\"@type\":\"ListItem\",\"position\":1,\"name\":\"Anasayfa\",\"item\":\"https:\\\/\\\/kulat.av.tr\\\/en\\\/\"},{\"@type\":\"ListItem\",\"position\":2,\"name\":\"OUR EXPERTISE\",\"item\":\"https:\\\/\\\/kulat.av.tr\\\/en\\\/our-expertise\\\/\"},{\"@type\":\"ListItem\",\"position\":3,\"name\":\"CORPORATE GOVERNANCE &#038; COMPLIANCE\"}]},{\"@type\":\"WebSite\",\"@id\":\"https:\\\/\\\/kulat.av.tr\\\/en\\\/#website\",\"url\":\"https:\\\/\\\/kulat.av.tr\\\/en\\\/\",\"name\":\"Kulat Law Office\",\"description\":\"Our office; Legal ethics and lawyer care about a stance that suits the honor of profession. It is working with clients who demand this.\",\"publisher\":{\"@id\":\"https:\\\/\\\/kulat.av.tr\\\/en\\\/#organization\"},\"potentialAction\":[{\"@type\":\"SearchAction\",\"target\":{\"@type\":\"EntryPoint\",\"urlTemplate\":\"https:\\\/\\\/kulat.av.tr\\\/en\\\/?s={search_term_string}\"},\"query-input\":{\"@type\":\"PropertyValueSpecification\",\"valueRequired\":true,\"valueName\":\"search_term_string\"}}],\"inLanguage\":\"en-US\"},{\"@type\":\"Organization\",\"@id\":\"https:\\\/\\\/kulat.av.tr\\\/en\\\/#organization\",\"name\":\"Kulat Law Office\",\"url\":\"https:\\\/\\\/kulat.av.tr\\\/en\\\/\",\"logo\":{\"@type\":\"ImageObject\",\"inLanguage\":\"en-US\",\"@id\":\"https:\\\/\\\/kulat.av.tr\\\/en\\\/#\\\/schema\\\/logo\\\/image\\\/\",\"url\":\"https:\\\/\\\/kulat.av.tr\\\/en\\\/wp-content\\\/uploads\\\/sites\\\/9\\\/2020\\\/10\\\/kulat_logo.png\",\"contentUrl\":\"https:\\\/\\\/kulat.av.tr\\\/en\\\/wp-content\\\/uploads\\\/sites\\\/9\\\/2020\\\/10\\\/kulat_logo.png\",\"width\":172,\"height\":103,\"caption\":\"Kulat Law Office\"},\"image\":{\"@id\":\"https:\\\/\\\/kulat.av.tr\\\/en\\\/#\\\/schema\\\/logo\\\/image\\\/\"}}]}<\/script>\n<!-- \/ Yoast SEO Premium plugin. -->","yoast_head_json":{"title":"CORPORATE GOVERNANCE & COMPLIANCE | Kulat Law Office","robots":{"index":"index","follow":"follow","max-snippet":"max-snippet:-1","max-image-preview":"max-image-preview:large","max-video-preview":"max-video-preview:-1"},"canonical":"https:\/\/kulat.av.tr\/en\/our-expertise\/corporate-governance-compliance\/","og_locale":"en_US","og_type":"article","og_title":"CORPORATE GOVERNANCE & COMPLIANCE","og_url":"https:\/\/kulat.av.tr\/en\/our-expertise\/corporate-governance-compliance\/","og_site_name":"Kulat Law Office","article_modified_time":"2024-04-19T11:55:52+00:00","og_image":[{"url":"https:\/\/kulat.av.tr\/en\/wp-content\/uploads\/sites\/9\/2020\/10\/idare-vergi-hukuku-1-scaled.jpg","type":"","width":"","height":""}],"twitter_card":"summary_large_image","twitter_misc":{"Est. reading time":"1 minute"},"schema":{"@context":"https:\/\/schema.org","@graph":[{"@type":"WebPage","@id":"https:\/\/kulat.av.tr\/en\/our-expertise\/corporate-governance-compliance\/","url":"https:\/\/kulat.av.tr\/en\/our-expertise\/corporate-governance-compliance\/","name":"CORPORATE GOVERNANCE & COMPLIANCE | Kulat Law Office","isPartOf":{"@id":"https:\/\/kulat.av.tr\/en\/#website"},"primaryImageOfPage":{"@id":"https:\/\/kulat.av.tr\/en\/our-expertise\/corporate-governance-compliance\/#primaryimage"},"image":{"@id":"https:\/\/kulat.av.tr\/en\/our-expertise\/corporate-governance-compliance\/#primaryimage"},"thumbnailUrl":"https:\/\/kulat.av.tr\/en\/wp-content\/uploads\/sites\/9\/2020\/10\/idare-vergi-hukuku-1-scaled.jpg","datePublished":"2020-10-25T11:52:25+00:00","dateModified":"2024-04-19T11:55:52+00:00","breadcrumb":{"@id":"https:\/\/kulat.av.tr\/en\/our-expertise\/corporate-governance-compliance\/#breadcrumb"},"inLanguage":"en-US","potentialAction":[{"@type":"ReadAction","target":["https:\/\/kulat.av.tr\/en\/our-expertise\/corporate-governance-compliance\/"]}]},{"@type":"ImageObject","inLanguage":"en-US","@id":"https:\/\/kulat.av.tr\/en\/our-expertise\/corporate-governance-compliance\/#primaryimage","url":"https:\/\/kulat.av.tr\/en\/wp-content\/uploads\/sites\/9\/2020\/10\/idare-vergi-hukuku-1-scaled.jpg","contentUrl":"https:\/\/kulat.av.tr\/en\/wp-content\/uploads\/sites\/9\/2020\/10\/idare-vergi-hukuku-1-scaled.jpg","width":1707,"height":2560,"caption":"\u0130dare, Vergi Hukuku ve \u0130hale Mevzuat\u0131"},{"@type":"BreadcrumbList","@id":"https:\/\/kulat.av.tr\/en\/our-expertise\/corporate-governance-compliance\/#breadcrumb","itemListElement":[{"@type":"ListItem","position":1,"name":"Anasayfa","item":"https:\/\/kulat.av.tr\/en\/"},{"@type":"ListItem","position":2,"name":"OUR EXPERTISE","item":"https:\/\/kulat.av.tr\/en\/our-expertise\/"},{"@type":"ListItem","position":3,"name":"CORPORATE GOVERNANCE &#038; COMPLIANCE"}]},{"@type":"WebSite","@id":"https:\/\/kulat.av.tr\/en\/#website","url":"https:\/\/kulat.av.tr\/en\/","name":"Kulat Law Office","description":"Our office; Legal ethics and lawyer care about a stance that suits the honor of profession. It is working with clients who demand this.","publisher":{"@id":"https:\/\/kulat.av.tr\/en\/#organization"},"potentialAction":[{"@type":"SearchAction","target":{"@type":"EntryPoint","urlTemplate":"https:\/\/kulat.av.tr\/en\/?s={search_term_string}"},"query-input":{"@type":"PropertyValueSpecification","valueRequired":true,"valueName":"search_term_string"}}],"inLanguage":"en-US"},{"@type":"Organization","@id":"https:\/\/kulat.av.tr\/en\/#organization","name":"Kulat Law Office","url":"https:\/\/kulat.av.tr\/en\/","logo":{"@type":"ImageObject","inLanguage":"en-US","@id":"https:\/\/kulat.av.tr\/en\/#\/schema\/logo\/image\/","url":"https:\/\/kulat.av.tr\/en\/wp-content\/uploads\/sites\/9\/2020\/10\/kulat_logo.png","contentUrl":"https:\/\/kulat.av.tr\/en\/wp-content\/uploads\/sites\/9\/2020\/10\/kulat_logo.png","width":172,"height":103,"caption":"Kulat Law Office"},"image":{"@id":"https:\/\/kulat.av.tr\/en\/#\/schema\/logo\/image\/"}}]}},"amp_enabled":true,"_links":{"self":[{"href":"https:\/\/kulat.av.tr\/en\/wp-json\/wp\/v2\/pages\/4889","targetHints":{"allow":["GET"]}}],"collection":[{"href":"https:\/\/kulat.av.tr\/en\/wp-json\/wp\/v2\/pages"}],"about":[{"href":"https:\/\/kulat.av.tr\/en\/wp-json\/wp\/v2\/types\/page"}],"author":[{"embeddable":true,"href":"https:\/\/kulat.av.tr\/en\/wp-json\/wp\/v2\/users\/1"}],"replies":[{"embeddable":true,"href":"https:\/\/kulat.av.tr\/en\/wp-json\/wp\/v2\/comments?post=4889"}],"version-history":[{"count":7,"href":"https:\/\/kulat.av.tr\/en\/wp-json\/wp\/v2\/pages\/4889\/revisions"}],"predecessor-version":[{"id":5287,"href":"https:\/\/kulat.av.tr\/en\/wp-json\/wp\/v2\/pages\/4889\/revisions\/5287"}],"up":[{"embeddable":true,"href":"https:\/\/kulat.av.tr\/en\/wp-json\/wp\/v2\/pages\/4790"}],"wp:attachment":[{"href":"https:\/\/kulat.av.tr\/en\/wp-json\/wp\/v2\/media?parent=4889"}],"curies":[{"name":"wp","href":"https:\/\/api.w.org\/{rel}","templated":true}]}}